{"id":792,"date":"2023-03-22T08:38:33","date_gmt":"2023-03-22T07:38:33","guid":{"rendered":"https:\/\/montagne.prospectiv.pro\/?page_id=792"},"modified":"2026-04-13T14:48:50","modified_gmt":"2026-04-13T12:48:50","slug":"visite-privee","status":"publish","type":"page","link":"https:\/\/www.montagnedessinges.com\/en\/our-activities\/breakfast-with-the-monkeys\/","title":{"rendered":"Breakfast with the monkeys"},"content":{"rendered":"","protected":false},"excerpt":{"rendered":"","protected":false},"author":1,"featured_media":0,"parent":121,"menu_order":19,"comment_status":"closed","ping_status":"closed","template":"","meta":{"_acf_changed":false,"_seopress_robots_primary_cat":"","_seopress_titles_title":"","_seopress_titles_desc":"VISITE PRIV\u00c9E - Petit d\u00e9jeuner avec les singes ! Venez vivre un moment exceptionnel et privil\u00e9gi\u00e9 accompagn\u00e9 par un guide exp\u00e9riment\u00e9 du parc\u00a0!","_seopress_robots_index":"","inline_featured_image":false,"footnotes":""},"class_list":["post-792","page","type-page","status-publish","hentry"],"acf":[],"publishpress_future_workflow_manual_trigger":{"enabledWorkflows":[]},"_links":{"self":[{"href":"https:\/\/www.montagnedessinges.com\/en\/wp-json\/wp\/v2\/pages\/792","targetHints":{"allow":["GET"]}}],"collection":[{"href":"https:\/\/www.montagnedessinges.com\/en\/wp-json\/wp\/v2\/pages"}],"about":[{"href":"https:\/\/www.montagnedessinges.com\/en\/wp-json\/wp\/v2\/types\/page"}],"author":[{"embeddable":true,"href":"https:\/\/www.montagnedessinges.com\/en\/wp-json\/wp\/v2\/users\/1"}],"replies":[{"embeddable":true,"href":"https:\/\/www.montagnedessinges.com\/en\/wp-json\/wp\/v2\/comments?post=792"}],"version-history":[{"count":43,"href":"https:\/\/www.montagnedessinges.com\/en\/wp-json\/wp\/v2\/pages\/792\/revisions"}],"predecessor-version":[{"id":12742,"href":"https:\/\/www.montagnedessinges.com\/en\/wp-json\/wp\/v2\/pages\/792\/revisions\/12742"}],"up":[{"embeddable":true,"href":"https:\/\/www.montagnedessinges.com\/en\/wp-json\/wp\/v2\/pages\/121"}],"wp:attachment":[{"href":"https:\/\/www.montagnedessinges.com\/en\/wp-json\/wp\/v2\/media?parent=792"}],"curies":[{"name":"wp","href":"https:\/\/api.w.org\/{rel}","templated":true}]}}