{"id":267,"date":"2023-03-14T11:53:32","date_gmt":"2023-03-14T10:53:32","guid":{"rendered":"http:\/\/montagne.prospectiv.pro\/cse\/"},"modified":"2026-03-19T09:15:59","modified_gmt":"2026-03-19T08:15:59","slug":"cse","status":"publish","type":"page","link":"https:\/\/www.montagnedessinges.com\/en\/groups-and-cse\/cse\/","title":{"rendered":"CSE"},"content":{"rendered":"","protected":false},"excerpt":{"rendered":"","protected":false},"author":1,"featured_media":0,"parent":137,"menu_order":33,"comment_status":"closed","ping_status":"closed","template":"","meta":{"_acf_changed":false,"_seopress_robots_primary_cat":"","_seopress_titles_title":"","_seopress_titles_desc":"Afin de faire b\u00e9n\u00e9ficier le personnel de tarifs pr\u00e9f\u00e9rentiels, les comit\u00e9s sociaux et \u00e9conomiques ou les amicales du personnel ont la possibilit\u00e9 d\u2019effectuer leurs achats de billets de deux fa\u00e7ons.","_seopress_robots_index":"","_seopress_analysis_target_kw":"","inline_featured_image":false,"footnotes":""},"class_list":["post-267","page","type-page","status-publish","hentry"],"acf":[],"publishpress_future_workflow_manual_trigger":{"enabledWorkflows":[]},"_links":{"self":[{"href":"https:\/\/www.montagnedessinges.com\/en\/wp-json\/wp\/v2\/pages\/267","targetHints":{"allow":["GET"]}}],"collection":[{"href":"https:\/\/www.montagnedessinges.com\/en\/wp-json\/wp\/v2\/pages"}],"about":[{"href":"https:\/\/www.montagnedessinges.com\/en\/wp-json\/wp\/v2\/types\/page"}],"author":[{"embeddable":true,"href":"https:\/\/www.montagnedessinges.com\/en\/wp-json\/wp\/v2\/users\/1"}],"replies":[{"embeddable":true,"href":"https:\/\/www.montagnedessinges.com\/en\/wp-json\/wp\/v2\/comments?post=267"}],"version-history":[{"count":12,"href":"https:\/\/www.montagnedessinges.com\/en\/wp-json\/wp\/v2\/pages\/267\/revisions"}],"predecessor-version":[{"id":12359,"href":"https:\/\/www.montagnedessinges.com\/en\/wp-json\/wp\/v2\/pages\/267\/revisions\/12359"}],"up":[{"embeddable":true,"href":"https:\/\/www.montagnedessinges.com\/en\/wp-json\/wp\/v2\/pages\/137"}],"wp:attachment":[{"href":"https:\/\/www.montagnedessinges.com\/en\/wp-json\/wp\/v2\/media?parent=267"}],"curies":[{"name":"wp","href":"https:\/\/api.w.org\/{rel}","templated":true}]}}