{"id":248,"date":"2023-03-14T11:52:23","date_gmt":"2023-03-14T10:52:35","guid":{"rendered":"http:\/\/montagne.prospectiv.pro\/jeu-de-piste\/"},"modified":"2026-03-11T18:33:41","modified_gmt":"2026-03-11T17:33:41","slug":"jeu-de-piste-2","status":"publish","type":"page","link":"https:\/\/www.montagnedessinges.com\/en\/our-activities\/game-2\/","title":{"rendered":"Game"},"content":{"rendered":"","protected":false},"excerpt":{"rendered":"","protected":false},"author":1,"featured_media":0,"parent":121,"menu_order":24,"comment_status":"closed","ping_status":"closed","template":"","meta":{"_acf_changed":false,"_seopress_robots_primary_cat":"","_seopress_titles_title":"","_seopress_titles_desc":"Envie d\u2019une d\u00e9couverte plus ludique\u00a0? Prenez part \u00e0 notre jeu de piste, disponible, en fran\u00e7ais, anglais et allemand. \u00c0 la cl\u00e9, de jolies peluches Magots.","_seopress_robots_index":"","inline_featured_image":false,"footnotes":""},"class_list":["post-248","page","type-page","status-publish","hentry"],"acf":[],"publishpress_future_workflow_manual_trigger":{"enabledWorkflows":[]},"_links":{"self":[{"href":"https:\/\/www.montagnedessinges.com\/en\/wp-json\/wp\/v2\/pages\/248","targetHints":{"allow":["GET"]}}],"collection":[{"href":"https:\/\/www.montagnedessinges.com\/en\/wp-json\/wp\/v2\/pages"}],"about":[{"href":"https:\/\/www.montagnedessinges.com\/en\/wp-json\/wp\/v2\/types\/page"}],"author":[{"embeddable":true,"href":"https:\/\/www.montagnedessinges.com\/en\/wp-json\/wp\/v2\/users\/1"}],"replies":[{"embeddable":true,"href":"https:\/\/www.montagnedessinges.com\/en\/wp-json\/wp\/v2\/comments?post=248"}],"version-history":[{"count":75,"href":"https:\/\/www.montagnedessinges.com\/en\/wp-json\/wp\/v2\/pages\/248\/revisions"}],"predecessor-version":[{"id":12166,"href":"https:\/\/www.montagnedessinges.com\/en\/wp-json\/wp\/v2\/pages\/248\/revisions\/12166"}],"up":[{"embeddable":true,"href":"https:\/\/www.montagnedessinges.com\/en\/wp-json\/wp\/v2\/pages\/121"}],"wp:attachment":[{"href":"https:\/\/www.montagnedessinges.com\/en\/wp-json\/wp\/v2\/media?parent=248"}],"curies":[{"name":"wp","href":"https:\/\/api.w.org\/{rel}","templated":true}]}}