{"id":119,"date":"2023-03-10T17:20:06","date_gmt":"2023-03-10T16:20:06","guid":{"rendered":"http:\/\/montagne.prospectiv.pro\/infos-pratiques\/"},"modified":"2026-03-11T18:29:04","modified_gmt":"2026-03-11T17:29:04","slug":"infos-pratiques","status":"publish","type":"page","link":"https:\/\/www.montagnedessinges.com\/en\/practical-information\/","title":{"rendered":"Practical information"},"content":{"rendered":"","protected":false},"excerpt":{"rendered":"","protected":false},"author":1,"featured_media":0,"parent":0,"menu_order":9,"comment_status":"closed","ping_status":"closed","template":"","meta":{"_acf_changed":false,"_seopress_robots_primary_cat":"","_seopress_titles_title":"","_seopress_titles_desc":"D\u00e9couvrez les infos pratiques de la Montagne des Singes : Horaires et tarifs, Visite priv\u00e9e, Acc\u00e8s, Restauration et boutique, Nos services...","_seopress_robots_index":"","inline_featured_image":false,"footnotes":""},"class_list":["post-119","page","type-page","status-publish","hentry"],"acf":[],"publishpress_future_workflow_manual_trigger":{"enabledWorkflows":[]},"_links":{"self":[{"href":"https:\/\/www.montagnedessinges.com\/en\/wp-json\/wp\/v2\/pages\/119","targetHints":{"allow":["GET"]}}],"collection":[{"href":"https:\/\/www.montagnedessinges.com\/en\/wp-json\/wp\/v2\/pages"}],"about":[{"href":"https:\/\/www.montagnedessinges.com\/en\/wp-json\/wp\/v2\/types\/page"}],"author":[{"embeddable":true,"href":"https:\/\/www.montagnedessinges.com\/en\/wp-json\/wp\/v2\/users\/1"}],"replies":[{"embeddable":true,"href":"https:\/\/www.montagnedessinges.com\/en\/wp-json\/wp\/v2\/comments?post=119"}],"version-history":[{"count":13,"href":"https:\/\/www.montagnedessinges.com\/en\/wp-json\/wp\/v2\/pages\/119\/revisions"}],"predecessor-version":[{"id":12163,"href":"https:\/\/www.montagnedessinges.com\/en\/wp-json\/wp\/v2\/pages\/119\/revisions\/12163"}],"wp:attachment":[{"href":"https:\/\/www.montagnedessinges.com\/en\/wp-json\/wp\/v2\/media?parent=119"}],"curies":[{"name":"wp","href":"https:\/\/api.w.org\/{rel}","templated":true}]}}