{"id":240,"date":"2023-03-14T11:52:35","date_gmt":"2023-03-14T10:52:35","guid":{"rendered":"http:\/\/montagne.prospectiv.pro\/parcours-ludique-et-pedagogique\/"},"modified":"2026-03-11T17:51:55","modified_gmt":"2026-03-11T16:51:55","slug":"parcours-ludique-et-pedagogique","status":"publish","type":"page","link":"https:\/\/www.montagnedessinges.com\/de\/unsere-aktivitaten\/spielerischer-und-padagogischer-rundgang-in-der-haut-eines-affen\/","title":{"rendered":"Spielerischer und p\u00e4dagogischer rundgang &#8222;In der haut eines affen&#8220;"},"content":{"rendered":"","protected":false},"excerpt":{"rendered":"","protected":false},"author":1,"featured_media":0,"parent":121,"menu_order":21,"comment_status":"closed","ping_status":"closed","template":"","meta":{"_acf_changed":false,"_seopress_robots_primary_cat":"","_seopress_titles_title":"Glissez-vous \u00ab\u00a0Dans la peau d\u2019un singe\u00a0\u00bb","_seopress_titles_desc":"Une nouvelle exp\u00e9rience \u00e0 travers un parcours p\u00e9dagogique et ludique qui vous invite \u00e0 d\u00e9ambuler dans la for\u00eat au fil des agr\u00e8s","_seopress_robots_index":"","inline_featured_image":false,"footnotes":""},"class_list":["post-240","page","type-page","status-publish","hentry"],"acf":[],"publishpress_future_workflow_manual_trigger":{"enabledWorkflows":[]},"_links":{"self":[{"href":"https:\/\/www.montagnedessinges.com\/de\/wp-json\/wp\/v2\/pages\/240","targetHints":{"allow":["GET"]}}],"collection":[{"href":"https:\/\/www.montagnedessinges.com\/de\/wp-json\/wp\/v2\/pages"}],"about":[{"href":"https:\/\/www.montagnedessinges.com\/de\/wp-json\/wp\/v2\/types\/page"}],"author":[{"embeddable":true,"href":"https:\/\/www.montagnedessinges.com\/de\/wp-json\/wp\/v2\/users\/1"}],"replies":[{"embeddable":true,"href":"https:\/\/www.montagnedessinges.com\/de\/wp-json\/wp\/v2\/comments?post=240"}],"version-history":[{"count":14,"href":"https:\/\/www.montagnedessinges.com\/de\/wp-json\/wp\/v2\/pages\/240\/revisions"}],"predecessor-version":[{"id":12141,"href":"https:\/\/www.montagnedessinges.com\/de\/wp-json\/wp\/v2\/pages\/240\/revisions\/12141"}],"up":[{"embeddable":true,"href":"https:\/\/www.montagnedessinges.com\/de\/wp-json\/wp\/v2\/pages\/121"}],"wp:attachment":[{"href":"https:\/\/www.montagnedessinges.com\/de\/wp-json\/wp\/v2\/media?parent=240"}],"curies":[{"name":"wp","href":"https:\/\/api.w.org\/{rel}","templated":true}]}}