{"id":236,"date":"2023-03-14T11:52:23","date_gmt":"2023-03-14T10:52:35","guid":{"rendered":"http:\/\/montagne.prospectiv.pro\/nourrissages-commentes\/"},"modified":"2026-03-11T17:51:19","modified_gmt":"2026-03-11T16:51:19","slug":"nourrissages-commentes","status":"publish","type":"page","link":"https:\/\/www.montagnedessinges.com\/de\/unsere-aktivitaten\/kommentierte-futterungen\/","title":{"rendered":"Kommentierte F\u00fctterungen"},"content":{"rendered":"","protected":false},"excerpt":{"rendered":"","protected":false},"author":1,"featured_media":0,"parent":121,"menu_order":20,"comment_status":"closed","ping_status":"closed","template":"","meta":{"_acf_changed":false,"_seopress_robots_primary_cat":"","_seopress_titles_title":"","_seopress_titles_desc":"Des animateurs nature \u00e0 votre \u00e9coute. Situ\u00e9s tout au long du parcours, nos animateurs nature sont \u00e0 votre disposition pour r\u00e9pondre \u00e0 vos questions.","_seopress_robots_index":"","inline_featured_image":false,"footnotes":""},"class_list":["post-236","page","type-page","status-publish","hentry"],"acf":[],"publishpress_future_workflow_manual_trigger":{"enabledWorkflows":[]},"_links":{"self":[{"href":"https:\/\/www.montagnedessinges.com\/de\/wp-json\/wp\/v2\/pages\/236","targetHints":{"allow":["GET"]}}],"collection":[{"href":"https:\/\/www.montagnedessinges.com\/de\/wp-json\/wp\/v2\/pages"}],"about":[{"href":"https:\/\/www.montagnedessinges.com\/de\/wp-json\/wp\/v2\/types\/page"}],"author":[{"embeddable":true,"href":"https:\/\/www.montagnedessinges.com\/de\/wp-json\/wp\/v2\/users\/1"}],"replies":[{"embeddable":true,"href":"https:\/\/www.montagnedessinges.com\/de\/wp-json\/wp\/v2\/comments?post=236"}],"version-history":[{"count":27,"href":"https:\/\/www.montagnedessinges.com\/de\/wp-json\/wp\/v2\/pages\/236\/revisions"}],"predecessor-version":[{"id":12140,"href":"https:\/\/www.montagnedessinges.com\/de\/wp-json\/wp\/v2\/pages\/236\/revisions\/12140"}],"up":[{"embeddable":true,"href":"https:\/\/www.montagnedessinges.com\/de\/wp-json\/wp\/v2\/pages\/121"}],"wp:attachment":[{"href":"https:\/\/www.montagnedessinges.com\/de\/wp-json\/wp\/v2\/media?parent=236"}],"curies":[{"name":"wp","href":"https:\/\/api.w.org\/{rel}","templated":true}]}}