{"id":223,"date":"2023-03-14T11:50:05","date_gmt":"2023-03-14T10:50:05","guid":{"rendered":"http:\/\/montagne.prospectiv.pro\/visites-a-proximite\/"},"modified":"2026-03-11T17:31:18","modified_gmt":"2026-03-11T16:31:18","slug":"visites-a-proximite","status":"publish","type":"page","link":"https:\/\/www.montagnedessinges.com\/de\/praktische-information\/weitere-attraktionen-in-der-nahe\/","title":{"rendered":"Weitere Attraktionen in der N\u00e4he"},"content":{"rendered":"","protected":false},"excerpt":{"rendered":"","protected":false},"author":1,"featured_media":0,"parent":119,"menu_order":16,"comment_status":"closed","ping_status":"closed","template":"","meta":{"_acf_changed":false,"_seopress_robots_primary_cat":"","_seopress_titles_title":"","_seopress_titles_desc":"D\u00e9couvrez tout ce que l'on peut faire \u00e0 proximit\u00e9 de la Montagne des singes. La Volerie des aigles, Le ch\u00e2teau du Haut-K\u0153nigsbourg et bien d'autres !","_seopress_robots_index":"","inline_featured_image":false,"footnotes":""},"class_list":["post-223","page","type-page","status-publish","hentry"],"acf":[],"publishpress_future_workflow_manual_trigger":{"enabledWorkflows":[]},"_links":{"self":[{"href":"https:\/\/www.montagnedessinges.com\/de\/wp-json\/wp\/v2\/pages\/223","targetHints":{"allow":["GET"]}}],"collection":[{"href":"https:\/\/www.montagnedessinges.com\/de\/wp-json\/wp\/v2\/pages"}],"about":[{"href":"https:\/\/www.montagnedessinges.com\/de\/wp-json\/wp\/v2\/types\/page"}],"author":[{"embeddable":true,"href":"https:\/\/www.montagnedessinges.com\/de\/wp-json\/wp\/v2\/users\/1"}],"replies":[{"embeddable":true,"href":"https:\/\/www.montagnedessinges.com\/de\/wp-json\/wp\/v2\/comments?post=223"}],"version-history":[{"count":11,"href":"https:\/\/www.montagnedessinges.com\/de\/wp-json\/wp\/v2\/pages\/223\/revisions"}],"predecessor-version":[{"id":12136,"href":"https:\/\/www.montagnedessinges.com\/de\/wp-json\/wp\/v2\/pages\/223\/revisions\/12136"}],"up":[{"embeddable":true,"href":"https:\/\/www.montagnedessinges.com\/de\/wp-json\/wp\/v2\/pages\/119"}],"wp:attachment":[{"href":"https:\/\/www.montagnedessinges.com\/de\/wp-json\/wp\/v2\/media?parent=223"}],"curies":[{"name":"wp","href":"https:\/\/api.w.org\/{rel}","templated":true}]}}