{"id":169,"date":"2023-03-13T10:38:23","date_gmt":"2023-03-13T09:38:08","guid":{"rendered":"http:\/\/montagne.prospectiv.pro\/?page_id=169"},"modified":"2026-03-12T12:33:23","modified_gmt":"2026-03-12T11:33:23","slug":"accueil-2","status":"publish","type":"page","link":"https:\/\/www.montagnedessinges.com\/de\/","title":{"rendered":"Willkommen"},"content":{"rendered":"<p class=\"qtranxs-available-languages-message qtranxs-available-languages-message-de\">Leider ist der Eintrag nur auf <a href=\"https:\/\/www.montagnedessinges.com\/fr\/wp-json\/wp\/v2\/pages\/169\" class=\"qtranxs-available-language-link qtranxs-available-language-link-fr\" title=\"FR\">FR<\/a> verf\u00fcgbar.<\/p>","protected":false},"excerpt":{"rendered":"<p>Leider ist der Eintrag nur auf FR verf\u00fcgbar.<\/p>\n","protected":false},"author":1,"featured_media":0,"parent":0,"menu_order":1,"comment_status":"closed","ping_status":"closed","template":"","meta":{"_acf_changed":false,"_seopress_robots_primary_cat":"","_seopress_titles_title":"La Montagne des Singes","_seopress_titles_desc":"En Alsace, partez \u00e0 la rencontre de plus de 200 macaques de Barbarie en libert\u00e9, dans une belle for\u00eat de 24 hectares, un parc animalier exceptionnel depuis 1969 !","_seopress_robots_index":"","inline_featured_image":false,"footnotes":""},"class_list":["post-169","page","type-page","status-publish","hentry"],"acf":[],"publishpress_future_workflow_manual_trigger":{"enabledWorkflows":[]},"_links":{"self":[{"href":"https:\/\/www.montagnedessinges.com\/de\/wp-json\/wp\/v2\/pages\/169","targetHints":{"allow":["GET"]}}],"collection":[{"href":"https:\/\/www.montagnedessinges.com\/de\/wp-json\/wp\/v2\/pages"}],"about":[{"href":"https:\/\/www.montagnedessinges.com\/de\/wp-json\/wp\/v2\/types\/page"}],"author":[{"embeddable":true,"href":"https:\/\/www.montagnedessinges.com\/de\/wp-json\/wp\/v2\/users\/1"}],"replies":[{"embeddable":true,"href":"https:\/\/www.montagnedessinges.com\/de\/wp-json\/wp\/v2\/comments?post=169"}],"version-history":[{"count":170,"href":"https:\/\/www.montagnedessinges.com\/de\/wp-json\/wp\/v2\/pages\/169\/revisions"}],"predecessor-version":[{"id":12181,"href":"https:\/\/www.montagnedessinges.com\/de\/wp-json\/wp\/v2\/pages\/169\/revisions\/12181"}],"wp:attachment":[{"href":"https:\/\/www.montagnedessinges.com\/de\/wp-json\/wp\/v2\/media?parent=169"}],"curies":[{"name":"wp","href":"https:\/\/api.w.org\/{rel}","templated":true}]}}