{"id":121,"date":"2023-03-10T17:20:23","date_gmt":"2023-03-10T16:20:14","guid":{"rendered":"http:\/\/montagne.prospectiv.pro\/activites\/"},"modified":"2026-03-11T18:46:45","modified_gmt":"2026-03-11T17:46:45","slug":"activites","status":"publish","type":"page","link":"https:\/\/www.montagnedessinges.com\/de\/unsere-aktivitaten\/","title":{"rendered":"Unsere Aktivit\u00e4ten"},"content":{"rendered":"","protected":false},"excerpt":{"rendered":"","protected":false},"author":1,"featured_media":0,"parent":0,"menu_order":18,"comment_status":"closed","ping_status":"closed","template":"","meta":{"_acf_changed":false,"_seopress_robots_primary_cat":"","_seopress_titles_title":"","_seopress_titles_desc":"D\u00e9couvrez les activit\u00e9s de la Montagne des singes. Nourrissage des singes ou encore le parcours ludique et p\u00e9dagogique \"Dans la peau d'un singe\", Il y en a pour tout le monde !","_seopress_robots_index":"","inline_featured_image":false,"footnotes":""},"class_list":["post-121","page","type-page","status-publish","hentry"],"acf":[],"publishpress_future_workflow_manual_trigger":{"enabledWorkflows":[]},"_links":{"self":[{"href":"https:\/\/www.montagnedessinges.com\/de\/wp-json\/wp\/v2\/pages\/121","targetHints":{"allow":["GET"]}}],"collection":[{"href":"https:\/\/www.montagnedessinges.com\/de\/wp-json\/wp\/v2\/pages"}],"about":[{"href":"https:\/\/www.montagnedessinges.com\/de\/wp-json\/wp\/v2\/types\/page"}],"author":[{"embeddable":true,"href":"https:\/\/www.montagnedessinges.com\/de\/wp-json\/wp\/v2\/users\/1"}],"replies":[{"embeddable":true,"href":"https:\/\/www.montagnedessinges.com\/de\/wp-json\/wp\/v2\/comments?post=121"}],"version-history":[{"count":24,"href":"https:\/\/www.montagnedessinges.com\/de\/wp-json\/wp\/v2\/pages\/121\/revisions"}],"predecessor-version":[{"id":12169,"href":"https:\/\/www.montagnedessinges.com\/de\/wp-json\/wp\/v2\/pages\/121\/revisions\/12169"}],"wp:attachment":[{"href":"https:\/\/www.montagnedessinges.com\/de\/wp-json\/wp\/v2\/media?parent=121"}],"curies":[{"name":"wp","href":"https:\/\/api.w.org\/{rel}","templated":true}]}}