{"id":103,"date":"2023-03-10T17:18:30","date_gmt":"2023-03-10T16:18:30","guid":{"rendered":"http:\/\/montagne.prospectiv.pro\/plan-interactif-du-parc\/"},"modified":"2026-03-11T18:50:41","modified_gmt":"2026-03-11T17:50:41","slug":"plan-interactif-du-parc","status":"publish","type":"page","link":"https:\/\/www.montagnedessinges.com\/de\/entdecken-sie-den-park-2\/interaktive-karte-des-parks\/","title":{"rendered":"Interaktive Karte des Parks"},"content":{"rendered":"","protected":false},"excerpt":{"rendered":"","protected":false},"author":1,"featured_media":715,"parent":101,"menu_order":2,"comment_status":"closed","ping_status":"closed","template":"","meta":{"_acf_changed":false,"_seopress_robots_primary_cat":"","_seopress_titles_title":"","_seopress_titles_desc":"D\u00e9couvrez le plan interactif de la Montagne des Singes. Situez-vous facilement dans le parc gr\u00e2ce \u00e0 cet outil et visualisez les activit\u00e9s.","_seopress_robots_index":"","inline_featured_image":false,"footnotes":""},"class_list":["post-103","page","type-page","status-publish","has-post-thumbnail","hentry"],"acf":[],"publishpress_future_workflow_manual_trigger":{"enabledWorkflows":[]},"_links":{"self":[{"href":"https:\/\/www.montagnedessinges.com\/de\/wp-json\/wp\/v2\/pages\/103","targetHints":{"allow":["GET"]}}],"collection":[{"href":"https:\/\/www.montagnedessinges.com\/de\/wp-json\/wp\/v2\/pages"}],"about":[{"href":"https:\/\/www.montagnedessinges.com\/de\/wp-json\/wp\/v2\/types\/page"}],"author":[{"embeddable":true,"href":"https:\/\/www.montagnedessinges.com\/de\/wp-json\/wp\/v2\/users\/1"}],"replies":[{"embeddable":true,"href":"https:\/\/www.montagnedessinges.com\/de\/wp-json\/wp\/v2\/comments?post=103"}],"version-history":[{"count":26,"href":"https:\/\/www.montagnedessinges.com\/de\/wp-json\/wp\/v2\/pages\/103\/revisions"}],"predecessor-version":[{"id":12172,"href":"https:\/\/www.montagnedessinges.com\/de\/wp-json\/wp\/v2\/pages\/103\/revisions\/12172"}],"up":[{"embeddable":true,"href":"https:\/\/www.montagnedessinges.com\/de\/wp-json\/wp\/v2\/pages\/101"}],"wp:featuredmedia":[{"embeddable":true,"href":"https:\/\/www.montagnedessinges.com\/de\/wp-json\/wp\/v2\/media\/715"}],"wp:attachment":[{"href":"https:\/\/www.montagnedessinges.com\/de\/wp-json\/wp\/v2\/media?parent=103"}],"curies":[{"name":"wp","href":"https:\/\/api.w.org\/{rel}","templated":true}]}}